{"id":9,"date":"2022-07-07T20:45:24","date_gmt":"2022-07-07T20:45:24","guid":{"rendered":"https:\/\/hairvibes.ch\/?page_id=9"},"modified":"2024-06-26T19:38:07","modified_gmt":"2024-06-26T19:38:07","slug":"team","status":"publish","type":"page","link":"https:\/\/hairvibes.ch\/index.php\/team\/","title":{"rendered":"Team"},"content":{"rendered":"\n<div class=\"is-layout-flex wp-container-5 wp-block-columns\">\n<div class=\"is-layout-flow wp-block-column\">\n<div class=\"is-vertical is-layout-flex wp-container-1 wp-block-group\">\n<figure class=\"wp-block-image size-large\"><img decoding=\"async\" loading=\"lazy\" width=\"903\" height=\"1024\" src=\"http:\/\/hairvibes.ch\/wp-content\/uploads\/Ilaria-e1719430500568-903x1024.jpg\" alt=\"\" class=\"wp-image-523\" srcset=\"https:\/\/hairvibes.ch\/wp-content\/uploads\/Ilaria-e1719430500568-903x1024.jpg 903w, https:\/\/hairvibes.ch\/wp-content\/uploads\/Ilaria-e1719430500568-265x300.jpg 265w, https:\/\/hairvibes.ch\/wp-content\/uploads\/Ilaria-e1719430500568-768x871.jpg 768w, https:\/\/hairvibes.ch\/wp-content\/uploads\/Ilaria-e1719430500568.jpg 1019w\" sizes=\"(max-width: 903px) 100vw, 903px\" \/><\/figure>\n\n\n\n<h2>Ilaria<\/h2>\n\n\n\n<p>Hallo, mein Name ist Ilaria<br><br>Seit nun \u00fcber zehn Jahren arbeite ich als Hairstylist und habe w\u00e4hrend dieser Zeit diverse Weiterbildungen absolviert. Da ich meinen Beruf liebe und ich diesen auch in Zukunft als qualifiziertes Handwerk sehen m\u00f6chte, habe ich nach meiner Lehre die Lehrmeisterpr\u00fcfung absolviert und durfte seitdem sechs Lernende den Einstieg in die Berufswelt erm\u00f6glichen. Durch meine Berufspr\u00fcfung erlangte ich vertieftes Wissen in diversen Bereichen rund ums Haar. Weiter erwarb ich ein Diplom als Visagistin und kann Sie dadurch auch optimal beraten, wenn es darum geht, Frisur und Makeup aufeinander abzustimmen.<br><br>Neben meiner T\u00e4tigkeit als Hairstylistin engagiere ich mich im Vorstand des Coiffure Suisse Verbands Sektion Zentralschweiz und helfe bei der Organisation des Lehrlingswettbewerbs &#8220;Haarkunst&#8221; sowie der Luzerner Berufsmesse &#8220;Zebi&#8221;.<br><br><strong>Sprachen: <\/strong>Deutsch, Englisch, Italienisch<\/p>\n<\/div>\n<\/div>\n\n\n\n<div class=\"is-layout-flow wp-block-column\">\n<div class=\"is-vertical is-layout-flex wp-container-3 wp-block-group\">\n<figure class=\"wp-block-image size-large\"><img decoding=\"async\" loading=\"lazy\" width=\"903\" height=\"1024\" src=\"http:\/\/hairvibes.ch\/wp-content\/uploads\/IMG_20240407_210558-e1719430584979-903x1024.jpg\" alt=\"\" class=\"wp-image-518\" srcset=\"https:\/\/hairvibes.ch\/wp-content\/uploads\/IMG_20240407_210558-e1719430584979-903x1024.jpg 903w, https:\/\/hairvibes.ch\/wp-content\/uploads\/IMG_20240407_210558-e1719430584979-265x300.jpg 265w, https:\/\/hairvibes.ch\/wp-content\/uploads\/IMG_20240407_210558-e1719430584979-768x871.jpg 768w, https:\/\/hairvibes.ch\/wp-content\/uploads\/IMG_20240407_210558-e1719430584979.jpg 1018w\" sizes=\"(max-width: 903px) 100vw, 903px\" \/><\/figure>\n\n\n\n<h2>Junita<\/h2>\n\n\n\n<p>Hello Everyone<br><br>Ich bin seit mehr als 20 Jahren als Hairstylistin t\u00e4tig. Somit biete ich Ihnen vom klassischen Waschen \/ F\u00f6nen bis hin zum modernen colorful, crazy Hairstyle vielz\u00e4hlige M\u00f6glichkeiten, ein Styling genau nach Ihrem Typ zu kreieren. Durch mein Interesse an verschiedenen Weiterbildungen wie zum Beispiel verschiedenen Schneidetechniken oder dem &#8220;Master of Colors&#8221; von Wella, L&#8217;oreal und Schwarz Kopf habe ich mich in Blondt\u00f6nen, Ombre-Arbeiten wie auch verschiedenen Bayalage-Techniken spezialisiert. F\u00fcr unsere m\u00e4nnliche Kundschaft durfte ich mich drei Jahre als Barberin ausbilden lassen.<br><br>Um mein Metier stetig zu vergr\u00f6ssern bilde ich mich im Moment in der Haarverdichtung und Haarverl\u00e4ngerung weiter. Auch dank meiner Leidenschaft f\u00fcrs Reisen konnte bereits auf vielen verschiedenen Orten der Welt Inspirationen des Landes einholen und die neusten Trends aufschnappen. Hair and Beauty ist meine Leidenschaft und ich freue mich, Sie mit meiner Begeisterung zu \u00fcberzeugen.<br><br><strong>Sprachen:<\/strong> Deutsch, Englisch<\/p>\n<\/div>\n<\/div>\n<\/div>\n\n\n\n<div style=\"height:100px\" aria-hidden=\"true\" class=\"wp-block-spacer\"><\/div>\n","protected":false},"excerpt":{"rendered":"<p>Ilaria Hallo, mein Name ist Ilaria Seit nun \u00fcber zehn Jahren arbeite ich als Hairstylist und habe w\u00e4hrend dieser Zeit diverse Weiterbildungen absolviert. Da ich meinen Beruf liebe und ich diesen auch in Zukunft als qualifiziertes Handwerk sehen m\u00f6chte, habe ich nach meiner Lehre die Lehrmeisterpr\u00fcfung absolviert und durfte seitdem sechs Lernende den Einstieg in&hellip;&nbsp;<a href=\"https:\/\/hairvibes.ch\/index.php\/team\/\" rel=\"bookmark\">Read More &raquo;<span class=\"screen-reader-text\">Team<\/span><\/a><\/p>\n","protected":false},"author":1,"featured_media":0,"parent":0,"menu_order":0,"comment_status":"closed","ping_status":"closed","template":"","meta":{"neve_meta_sidebar":"","neve_meta_container":"","neve_meta_enable_content_width":"","neve_meta_content_width":0,"neve_meta_title_alignment":"","neve_meta_author_avatar":"","neve_post_elements_order":"","neve_meta_disable_header":"","neve_meta_disable_footer":"","neve_meta_disable_title":""},"aioseo_notices":[],"_links":{"self":[{"href":"https:\/\/hairvibes.ch\/index.php\/wp-json\/wp\/v2\/pages\/9"}],"collection":[{"href":"https:\/\/hairvibes.ch\/index.php\/wp-json\/wp\/v2\/pages"}],"about":[{"href":"https:\/\/hairvibes.ch\/index.php\/wp-json\/wp\/v2\/types\/page"}],"author":[{"embeddable":true,"href":"https:\/\/hairvibes.ch\/index.php\/wp-json\/wp\/v2\/users\/1"}],"replies":[{"embeddable":true,"href":"https:\/\/hairvibes.ch\/index.php\/wp-json\/wp\/v2\/comments?post=9"}],"version-history":[{"count":15,"href":"https:\/\/hairvibes.ch\/index.php\/wp-json\/wp\/v2\/pages\/9\/revisions"}],"predecessor-version":[{"id":533,"href":"https:\/\/hairvibes.ch\/index.php\/wp-json\/wp\/v2\/pages\/9\/revisions\/533"}],"wp:attachment":[{"href":"https:\/\/hairvibes.ch\/index.php\/wp-json\/wp\/v2\/media?parent=9"}],"curies":[{"name":"wp","href":"https:\/\/api.w.org\/{rel}","templated":true}]}}